{"id":545,"date":"2021-08-29T11:58:48","date_gmt":"2021-08-29T11:58:48","guid":{"rendered":"http:\/\/barloventoelescorial.es\/?page_id=545"},"modified":"2026-04-17T08:33:50","modified_gmt":"2026-04-17T08:33:50","slug":"menu-del-dia","status":"publish","type":"page","link":"https:\/\/barloventoelescorial.es\/index.php\/menu-del-dia\/","title":{"rendered":"Men\u00fa del d\u00eda"},"content":{"rendered":"\t\t<div data-elementor-type=\"wp-page\" data-elementor-id=\"545\" class=\"elementor elementor-545\" data-elementor-post-type=\"page\">\n\t\t\t\t\t\t<nav class=\"elementor-section elementor-top-section elementor-element elementor-element-10199a80 elementor-section-content-middle elementor-section-boxed elementor-section-height-default elementor-section-height-default\" data-id=\"10199a80\" data-element_type=\"section\" data-e-type=\"section\" data-settings=\"{&quot;background_background&quot;:&quot;classic&quot;}\">\n\t\t\t\t\t\t<div class=\"elementor-container elementor-column-gap-no\">\n\t\t\t\t\t<div class=\"elementor-column elementor-col-100 elementor-top-column elementor-element elementor-element-64a21f5f\" data-id=\"64a21f5f\" data-element_type=\"column\" data-e-type=\"column\">\n\t\t\t<div class=\"elementor-widget-wrap elementor-element-populated\">\n\t\t\t\t\t\t<div class=\"elementor-element elementor-element-18416e5a elementor-nav-menu--stretch elementor-nav-menu--dropdown-tablet elementor-nav-menu__text-align-aside elementor-nav-menu--toggle elementor-nav-menu--burger elementor-widget elementor-widget-nav-menu\" data-id=\"18416e5a\" data-element_type=\"widget\" data-e-type=\"widget\" data-settings=\"{&quot;full_width&quot;:&quot;stretch&quot;,&quot;layout&quot;:&quot;horizontal&quot;,&quot;submenu_icon&quot;:{&quot;value&quot;:&quot;&lt;i class=\\&quot;fas fa-caret-down\\&quot;&gt;&lt;\\\/i&gt;&quot;,&quot;library&quot;:&quot;fa-solid&quot;},&quot;toggle&quot;:&quot;burger&quot;}\" data-widget_type=\"nav-menu.default\">\n\t\t\t\t<div class=\"elementor-widget-container\">\n\t\t\t\t\t\t\t\t<nav aria-label=\"Men\u00fa\" class=\"elementor-nav-menu--main elementor-nav-menu__container elementor-nav-menu--layout-horizontal e--pointer-background e--animation-fade\">\n\t\t\t\t<ul id=\"menu-1-18416e5a\" class=\"elementor-nav-menu\"><li class=\"menu-item menu-item-type-post_type menu-item-object-page menu-item-home menu-item-376\"><a href=\"https:\/\/barloventoelescorial.es\/\" class=\"elementor-item menu-link\">Inicio<\/a><\/li>\n<li class=\"menu-item menu-item-type-post_type menu-item-object-page menu-item-552\"><a href=\"https:\/\/barloventoelescorial.es\/index.php\/menu-del-dia\/\" class=\"elementor-item menu-link\">Men\u00fa del d\u00eda<\/a><\/li>\n<li class=\"menu-item menu-item-type-post_type menu-item-object-page menu-item-660\"><a href=\"https:\/\/barloventoelescorial.es\/index.php\/menus-para-grupos\/\" class=\"elementor-item menu-link\">Men\u00fas para grupos<\/a><\/li>\n<li class=\"menu-item menu-item-type-post_type menu-item-object-page menu-item-449\"><a href=\"https:\/\/barloventoelescorial.es\/index.php\/carta\/\" class=\"elementor-item menu-link\">Carta<\/a><\/li>\n<li class=\"menu-item menu-item-type-post_type menu-item-object-page menu-item-834\"><a href=\"https:\/\/barloventoelescorial.es\/index.php\/para-llevar\/\" class=\"elementor-item menu-link\">Para llevar<\/a><\/li>\n<li class=\"menu-item menu-item-type-post_type menu-item-object-page menu-item-487\"><a href=\"https:\/\/barloventoelescorial.es\/index.php\/celebraciones-y-eventos\/\" class=\"elementor-item menu-link\">Celebraciones y eventos<\/a><\/li>\n<li class=\"menu-item menu-item-type-post_type menu-item-object-page menu-item-882\"><a href=\"https:\/\/barloventoelescorial.es\/index.php\/galeria\/\" class=\"elementor-item menu-link\">Galer\u00eda<\/a><\/li>\n<li class=\"menu-item menu-item-type-post_type menu-item-object-page menu-item-377\"><a href=\"https:\/\/barloventoelescorial.es\/index.php\/sobre-nosotros\/\" class=\"elementor-item menu-link\">Sobre nosotros<\/a><\/li>\n<li class=\"menu-item menu-item-type-post_type menu-item-object-page menu-item-629\"><a href=\"https:\/\/barloventoelescorial.es\/index.php\/contacto\/\" class=\"elementor-item menu-link\">Contacto<\/a><\/li>\n<\/ul>\t\t\t<\/nav>\n\t\t\t\t\t<div class=\"elementor-menu-toggle\" role=\"button\" tabindex=\"0\" aria-label=\"Alternar men\u00fa\" aria-expanded=\"false\">\n\t\t\t<i aria-hidden=\"true\" role=\"presentation\" class=\"elementor-menu-toggle__icon--open eicon-menu-bar\"><\/i><i aria-hidden=\"true\" role=\"presentation\" class=\"elementor-menu-toggle__icon--close eicon-close\"><\/i>\t\t<\/div>\n\t\t\t\t\t<nav class=\"elementor-nav-menu--dropdown elementor-nav-menu__container\" aria-hidden=\"true\">\n\t\t\t\t<ul id=\"menu-2-18416e5a\" class=\"elementor-nav-menu\"><li class=\"menu-item menu-item-type-post_type menu-item-object-page menu-item-home menu-item-376\"><a href=\"https:\/\/barloventoelescorial.es\/\" class=\"elementor-item menu-link\" tabindex=\"-1\">Inicio<\/a><\/li>\n<li class=\"menu-item menu-item-type-post_type menu-item-object-page menu-item-552\"><a href=\"https:\/\/barloventoelescorial.es\/index.php\/menu-del-dia\/\" class=\"elementor-item menu-link\" tabindex=\"-1\">Men\u00fa del d\u00eda<\/a><\/li>\n<li class=\"menu-item menu-item-type-post_type menu-item-object-page menu-item-660\"><a href=\"https:\/\/barloventoelescorial.es\/index.php\/menus-para-grupos\/\" class=\"elementor-item menu-link\" tabindex=\"-1\">Men\u00fas para grupos<\/a><\/li>\n<li class=\"menu-item menu-item-type-post_type menu-item-object-page menu-item-449\"><a href=\"https:\/\/barloventoelescorial.es\/index.php\/carta\/\" class=\"elementor-item menu-link\" tabindex=\"-1\">Carta<\/a><\/li>\n<li class=\"menu-item menu-item-type-post_type menu-item-object-page menu-item-834\"><a href=\"https:\/\/barloventoelescorial.es\/index.php\/para-llevar\/\" class=\"elementor-item menu-link\" tabindex=\"-1\">Para llevar<\/a><\/li>\n<li class=\"menu-item menu-item-type-post_type menu-item-object-page menu-item-487\"><a href=\"https:\/\/barloventoelescorial.es\/index.php\/celebraciones-y-eventos\/\" class=\"elementor-item menu-link\" tabindex=\"-1\">Celebraciones y eventos<\/a><\/li>\n<li class=\"menu-item menu-item-type-post_type menu-item-object-page menu-item-882\"><a href=\"https:\/\/barloventoelescorial.es\/index.php\/galeria\/\" class=\"elementor-item menu-link\" tabindex=\"-1\">Galer\u00eda<\/a><\/li>\n<li class=\"menu-item menu-item-type-post_type menu-item-object-page menu-item-377\"><a href=\"https:\/\/barloventoelescorial.es\/index.php\/sobre-nosotros\/\" class=\"elementor-item menu-link\" tabindex=\"-1\">Sobre nosotros<\/a><\/li>\n<li class=\"menu-item menu-item-type-post_type menu-item-object-page menu-item-629\"><a href=\"https:\/\/barloventoelescorial.es\/index.php\/contacto\/\" class=\"elementor-item menu-link\" tabindex=\"-1\">Contacto<\/a><\/li>\n<\/ul>\t\t\t<\/nav>\n\t\t\t\t\t\t<\/div>\n\t\t\t\t<\/div>\n\t\t\t\t\t<\/div>\n\t\t<\/div>\n\t\t\t\t\t<\/div>\n\t\t<\/nav>\n\t\t\t\t<section class=\"elementor-section elementor-top-section elementor-element elementor-element-5ef22fcc elementor-section-content-middle elementor-section-boxed elementor-section-height-default elementor-section-height-default elementor-invisible\" data-id=\"5ef22fcc\" data-element_type=\"section\" data-e-type=\"section\" data-settings=\"{&quot;background_background&quot;:&quot;classic&quot;,&quot;background_motion_fx_motion_fx_scrolling&quot;:&quot;yes&quot;,&quot;background_motion_fx_translateY_effect&quot;:&quot;yes&quot;,&quot;background_motion_fx_translateY_affectedRange&quot;:{&quot;unit&quot;:&quot;%&quot;,&quot;size&quot;:&quot;&quot;,&quot;sizes&quot;:{&quot;start&quot;:36,&quot;end&quot;:100}},&quot;animation&quot;:&quot;fadeInRight&quot;,&quot;background_motion_fx_translateY_speed&quot;:{&quot;unit&quot;:&quot;px&quot;,&quot;size&quot;:4,&quot;sizes&quot;:[]},&quot;background_motion_fx_devices&quot;:[&quot;desktop&quot;,&quot;tablet&quot;,&quot;mobile&quot;]}\">\n\t\t\t\t\t\t<div class=\"elementor-container elementor-column-gap-no\">\n\t\t\t\t\t<div class=\"elementor-column elementor-col-100 elementor-top-column elementor-element elementor-element-3ccb89fe\" data-id=\"3ccb89fe\" data-element_type=\"column\" data-e-type=\"column\">\n\t\t\t<div class=\"elementor-widget-wrap elementor-element-populated\">\n\t\t\t\t\t\t<div class=\"elementor-element elementor-element-5e1439b1 elementor-widget elementor-widget-heading\" data-id=\"5e1439b1\" data-element_type=\"widget\" data-e-type=\"widget\" data-widget_type=\"heading.default\">\n\t\t\t\t<div class=\"elementor-widget-container\">\n\t\t\t\t\t<h4 class=\"elementor-heading-title elementor-size-default\">Hoy hemos preparado...<\/h4>\t\t\t\t<\/div>\n\t\t\t\t<\/div>\n\t\t\t\t\t<\/div>\n\t\t<\/div>\n\t\t\t\t\t<\/div>\n\t\t<\/section>\n\t\t\t\t<section class=\"elementor-section elementor-top-section elementor-element elementor-element-391c7b77 elementor-section-content-middle elementor-section-boxed elementor-section-height-default elementor-section-height-default\" data-id=\"391c7b77\" data-element_type=\"section\" data-e-type=\"section\">\n\t\t\t\t\t\t<div class=\"elementor-container elementor-column-gap-no\">\n\t\t\t\t\t<div class=\"elementor-column elementor-col-100 elementor-top-column elementor-element elementor-element-48faea10\" data-id=\"48faea10\" data-element_type=\"column\" data-e-type=\"column\">\n\t\t\t<div class=\"elementor-widget-wrap\">\n\t\t\t\t\t\t\t<\/div>\n\t\t<\/div>\n\t\t\t\t\t<\/div>\n\t\t<\/section>\n\t\t\t\t<section class=\"elementor-section elementor-top-section elementor-element elementor-element-5e34e4d2 elementor-section-content-middle elementor-section-boxed elementor-section-height-default elementor-section-height-default\" data-id=\"5e34e4d2\" data-element_type=\"section\" data-e-type=\"section\" data-settings=\"{&quot;background_background&quot;:&quot;classic&quot;}\">\n\t\t\t\t\t\t<div class=\"elementor-container elementor-column-gap-no\">\n\t\t\t\t\t<div class=\"elementor-column elementor-col-100 elementor-top-column elementor-element elementor-element-149da31e\" data-id=\"149da31e\" data-element_type=\"column\" data-e-type=\"column\">\n\t\t\t<div class=\"elementor-widget-wrap elementor-element-populated\">\n\t\t\t\t\t\t<div class=\"elementor-element elementor-element-6e4417c elementor-widget elementor-widget-image\" data-id=\"6e4417c\" data-element_type=\"widget\" data-e-type=\"widget\" data-widget_type=\"image.default\">\n\t\t\t\t<div class=\"elementor-widget-container\">\n\t\t\t\t\t\t\t\t\t\t\t\t\t\t\t<img fetchpriority=\"high\" decoding=\"async\" width=\"1024\" height=\"576\" src=\"https:\/\/barloventoelescorial.es\/wp-content\/uploads\/2026\/04\/Plantilla-menu-exhibicion-17-04-2026-1024x576.jpg\" class=\"attachment-large size-large wp-image-8812\" alt=\"\" srcset=\"https:\/\/barloventoelescorial.es\/wp-content\/uploads\/2026\/04\/Plantilla-menu-exhibicion-17-04-2026-1024x576.jpg 1024w, https:\/\/barloventoelescorial.es\/wp-content\/uploads\/2026\/04\/Plantilla-menu-exhibicion-17-04-2026-300x169.jpg 300w, https:\/\/barloventoelescorial.es\/wp-content\/uploads\/2026\/04\/Plantilla-menu-exhibicion-17-04-2026-768x432.jpg 768w, https:\/\/barloventoelescorial.es\/wp-content\/uploads\/2026\/04\/Plantilla-menu-exhibicion-17-04-2026-1536x864.jpg 1536w, https:\/\/barloventoelescorial.es\/wp-content\/uploads\/2026\/04\/Plantilla-menu-exhibicion-17-04-2026-2048x1152.jpg 2048w\" sizes=\"(max-width: 1024px) 100vw, 1024px\" \/>\t\t\t\t\t\t\t\t\t\t\t\t\t\t\t<\/div>\n\t\t\t\t<\/div>\n\t\t\t\t\t<\/div>\n\t\t<\/div>\n\t\t\t\t\t<\/div>\n\t\t<\/section>\n\t\t\t\t<\/div>\n\t\t","protected":false},"excerpt":{"rendered":"<p>Hoy hemos preparado&#8230;<\/p>\n","protected":false},"author":1,"featured_media":0,"parent":0,"menu_order":0,"comment_status":"closed","ping_status":"closed","template":"","meta":{"site-sidebar-layout":"no-sidebar","site-content-layout":"page-builder","ast-main-header-display":"","ast-hfb-above-header-display":"","ast-hfb-below-header-display":"","ast-hfb-mobile-header-display":"","site-post-title":"disabled","ast-breadcrumbs-content":"","ast-featured-img":"disabled","footer-sml-layout":"","theme-transparent-header-meta":"default","adv-header-id-meta":"","stick-header-meta":"","header-above-stick-meta":"","header-main-stick-meta":"","header-below-stick-meta":"","footnotes":""},"class_list":["post-545","page","type-page","status-publish","hentry"],"yoast_head":"<!-- This site is optimized with the Yoast SEO plugin v27.4 - https:\/\/yoast.com\/product\/yoast-seo-wordpress\/ -->\n<title>Men\u00fa del d\u00eda - Restaurante Barlovento El Escorial. Men\u00fa del d\u00eda<\/title>\n<meta name=\"robots\" content=\"index, follow, max-snippet:-1, max-image-preview:large, max-video-preview:-1\" \/>\n<link rel=\"canonical\" href=\"https:\/\/barloventoelescorial.es\/index.php\/menu-del-dia\/\" \/>\n<meta property=\"og:locale\" content=\"es_ES\" \/>\n<meta property=\"og:type\" content=\"article\" \/>\n<meta property=\"og:title\" content=\"Men\u00fa del d\u00eda - Restaurante Barlovento El Escorial. Men\u00fa del d\u00eda\" \/>\n<meta property=\"og:description\" content=\"Hoy hemos preparado&#8230;\" \/>\n<meta property=\"og:url\" content=\"https:\/\/barloventoelescorial.es\/index.php\/menu-del-dia\/\" \/>\n<meta property=\"og:site_name\" content=\"Restaurante Barlovento El Escorial. Men\u00fa del d\u00eda\" \/>\n<meta property=\"article:modified_time\" content=\"2026-04-17T08:33:50+00:00\" \/>\n<meta property=\"og:image\" content=\"https:\/\/barloventoelescorial.es\/wp-content\/uploads\/2026\/04\/Plantilla-menu-exhibicion-17-04-2026-1024x576.jpg\" \/>\n<meta name=\"twitter:card\" content=\"summary_large_image\" \/>\n<meta name=\"twitter:label1\" content=\"Tiempo de lectura\" \/>\n\t<meta name=\"twitter:data1\" content=\"1 minuto\" \/>\n<script type=\"application\/ld+json\" class=\"yoast-schema-graph\">{\"@context\":\"https:\\\/\\\/schema.org\",\"@graph\":[{\"@type\":\"WebPage\",\"@id\":\"https:\\\/\\\/barloventoelescorial.es\\\/index.php\\\/menu-del-dia\\\/\",\"url\":\"https:\\\/\\\/barloventoelescorial.es\\\/index.php\\\/menu-del-dia\\\/\",\"name\":\"Men\u00fa del d\u00eda - Restaurante Barlovento El Escorial. Men\u00fa del d\u00eda\",\"isPartOf\":{\"@id\":\"https:\\\/\\\/barloventoelescorial.es\\\/#website\"},\"primaryImageOfPage\":{\"@id\":\"https:\\\/\\\/barloventoelescorial.es\\\/index.php\\\/menu-del-dia\\\/#primaryimage\"},\"image\":{\"@id\":\"https:\\\/\\\/barloventoelescorial.es\\\/index.php\\\/menu-del-dia\\\/#primaryimage\"},\"thumbnailUrl\":\"https:\\\/\\\/barloventoelescorial.es\\\/wp-content\\\/uploads\\\/2026\\\/04\\\/Plantilla-menu-exhibicion-17-04-2026-1024x576.jpg\",\"datePublished\":\"2021-08-29T11:58:48+00:00\",\"dateModified\":\"2026-04-17T08:33:50+00:00\",\"breadcrumb\":{\"@id\":\"https:\\\/\\\/barloventoelescorial.es\\\/index.php\\\/menu-del-dia\\\/#breadcrumb\"},\"inLanguage\":\"es\",\"potentialAction\":[{\"@type\":\"ReadAction\",\"target\":[\"https:\\\/\\\/barloventoelescorial.es\\\/index.php\\\/menu-del-dia\\\/\"]}]},{\"@type\":\"ImageObject\",\"inLanguage\":\"es\",\"@id\":\"https:\\\/\\\/barloventoelescorial.es\\\/index.php\\\/menu-del-dia\\\/#primaryimage\",\"url\":\"https:\\\/\\\/barloventoelescorial.es\\\/wp-content\\\/uploads\\\/2026\\\/04\\\/Plantilla-menu-exhibicion-17-04-2026-scaled.jpg\",\"contentUrl\":\"https:\\\/\\\/barloventoelescorial.es\\\/wp-content\\\/uploads\\\/2026\\\/04\\\/Plantilla-menu-exhibicion-17-04-2026-scaled.jpg\",\"width\":2560,\"height\":1440},{\"@type\":\"BreadcrumbList\",\"@id\":\"https:\\\/\\\/barloventoelescorial.es\\\/index.php\\\/menu-del-dia\\\/#breadcrumb\",\"itemListElement\":[{\"@type\":\"ListItem\",\"position\":1,\"name\":\"Portada\",\"item\":\"https:\\\/\\\/barloventoelescorial.es\\\/\"},{\"@type\":\"ListItem\",\"position\":2,\"name\":\"Men\u00fa del d\u00eda\"}]},{\"@type\":\"WebSite\",\"@id\":\"https:\\\/\\\/barloventoelescorial.es\\\/#website\",\"url\":\"https:\\\/\\\/barloventoelescorial.es\\\/\",\"name\":\"Restaurante Barlovento El Escorial. Men\u00fa del d\u00eda\",\"description\":\"Men\u00fas para grupos y excursiones, comida casera. Comuniones, bautizos, eventos de empresa\",\"publisher\":{\"@id\":\"https:\\\/\\\/barloventoelescorial.es\\\/#organization\"},\"potentialAction\":[{\"@type\":\"SearchAction\",\"target\":{\"@type\":\"EntryPoint\",\"urlTemplate\":\"https:\\\/\\\/barloventoelescorial.es\\\/?s={search_term_string}\"},\"query-input\":{\"@type\":\"PropertyValueSpecification\",\"valueRequired\":true,\"valueName\":\"search_term_string\"}}],\"inLanguage\":\"es\"},{\"@type\":\"Organization\",\"@id\":\"https:\\\/\\\/barloventoelescorial.es\\\/#organization\",\"name\":\"Restaurante Barlovento El Escorial\",\"url\":\"https:\\\/\\\/barloventoelescorial.es\\\/\",\"logo\":{\"@type\":\"ImageObject\",\"inLanguage\":\"es\",\"@id\":\"https:\\\/\\\/barloventoelescorial.es\\\/#\\\/schema\\\/logo\\\/image\\\/\",\"url\":\"https:\\\/\\\/barloventoelescorial.es\\\/wp-content\\\/uploads\\\/2021\\\/08\\\/cropped-logo-2-barlovento.png\",\"contentUrl\":\"https:\\\/\\\/barloventoelescorial.es\\\/wp-content\\\/uploads\\\/2021\\\/08\\\/cropped-logo-2-barlovento.png\",\"width\":1280,\"height\":427,\"caption\":\"Restaurante Barlovento El Escorial\"},\"image\":{\"@id\":\"https:\\\/\\\/barloventoelescorial.es\\\/#\\\/schema\\\/logo\\\/image\\\/\"}}]}<\/script>\n<!-- \/ Yoast SEO plugin. -->","yoast_head_json":{"title":"Men\u00fa del d\u00eda - Restaurante Barlovento El Escorial. Men\u00fa del d\u00eda","robots":{"index":"index","follow":"follow","max-snippet":"max-snippet:-1","max-image-preview":"max-image-preview:large","max-video-preview":"max-video-preview:-1"},"canonical":"https:\/\/barloventoelescorial.es\/index.php\/menu-del-dia\/","og_locale":"es_ES","og_type":"article","og_title":"Men\u00fa del d\u00eda - Restaurante Barlovento El Escorial. Men\u00fa del d\u00eda","og_description":"Hoy hemos preparado&#8230;","og_url":"https:\/\/barloventoelescorial.es\/index.php\/menu-del-dia\/","og_site_name":"Restaurante Barlovento El Escorial. Men\u00fa del d\u00eda","article_modified_time":"2026-04-17T08:33:50+00:00","og_image":[{"url":"https:\/\/barloventoelescorial.es\/wp-content\/uploads\/2026\/04\/Plantilla-menu-exhibicion-17-04-2026-1024x576.jpg","type":"","width":"","height":""}],"twitter_card":"summary_large_image","twitter_misc":{"Tiempo de lectura":"1 minuto"},"schema":{"@context":"https:\/\/schema.org","@graph":[{"@type":"WebPage","@id":"https:\/\/barloventoelescorial.es\/index.php\/menu-del-dia\/","url":"https:\/\/barloventoelescorial.es\/index.php\/menu-del-dia\/","name":"Men\u00fa del d\u00eda - Restaurante Barlovento El Escorial. Men\u00fa del d\u00eda","isPartOf":{"@id":"https:\/\/barloventoelescorial.es\/#website"},"primaryImageOfPage":{"@id":"https:\/\/barloventoelescorial.es\/index.php\/menu-del-dia\/#primaryimage"},"image":{"@id":"https:\/\/barloventoelescorial.es\/index.php\/menu-del-dia\/#primaryimage"},"thumbnailUrl":"https:\/\/barloventoelescorial.es\/wp-content\/uploads\/2026\/04\/Plantilla-menu-exhibicion-17-04-2026-1024x576.jpg","datePublished":"2021-08-29T11:58:48+00:00","dateModified":"2026-04-17T08:33:50+00:00","breadcrumb":{"@id":"https:\/\/barloventoelescorial.es\/index.php\/menu-del-dia\/#breadcrumb"},"inLanguage":"es","potentialAction":[{"@type":"ReadAction","target":["https:\/\/barloventoelescorial.es\/index.php\/menu-del-dia\/"]}]},{"@type":"ImageObject","inLanguage":"es","@id":"https:\/\/barloventoelescorial.es\/index.php\/menu-del-dia\/#primaryimage","url":"https:\/\/barloventoelescorial.es\/wp-content\/uploads\/2026\/04\/Plantilla-menu-exhibicion-17-04-2026-scaled.jpg","contentUrl":"https:\/\/barloventoelescorial.es\/wp-content\/uploads\/2026\/04\/Plantilla-menu-exhibicion-17-04-2026-scaled.jpg","width":2560,"height":1440},{"@type":"BreadcrumbList","@id":"https:\/\/barloventoelescorial.es\/index.php\/menu-del-dia\/#breadcrumb","itemListElement":[{"@type":"ListItem","position":1,"name":"Portada","item":"https:\/\/barloventoelescorial.es\/"},{"@type":"ListItem","position":2,"name":"Men\u00fa del d\u00eda"}]},{"@type":"WebSite","@id":"https:\/\/barloventoelescorial.es\/#website","url":"https:\/\/barloventoelescorial.es\/","name":"Restaurante Barlovento El Escorial. Men\u00fa del d\u00eda","description":"Men\u00fas para grupos y excursiones, comida casera. Comuniones, bautizos, eventos de empresa","publisher":{"@id":"https:\/\/barloventoelescorial.es\/#organization"},"potentialAction":[{"@type":"SearchAction","target":{"@type":"EntryPoint","urlTemplate":"https:\/\/barloventoelescorial.es\/?s={search_term_string}"},"query-input":{"@type":"PropertyValueSpecification","valueRequired":true,"valueName":"search_term_string"}}],"inLanguage":"es"},{"@type":"Organization","@id":"https:\/\/barloventoelescorial.es\/#organization","name":"Restaurante Barlovento El Escorial","url":"https:\/\/barloventoelescorial.es\/","logo":{"@type":"ImageObject","inLanguage":"es","@id":"https:\/\/barloventoelescorial.es\/#\/schema\/logo\/image\/","url":"https:\/\/barloventoelescorial.es\/wp-content\/uploads\/2021\/08\/cropped-logo-2-barlovento.png","contentUrl":"https:\/\/barloventoelescorial.es\/wp-content\/uploads\/2021\/08\/cropped-logo-2-barlovento.png","width":1280,"height":427,"caption":"Restaurante Barlovento El Escorial"},"image":{"@id":"https:\/\/barloventoelescorial.es\/#\/schema\/logo\/image\/"}}]}},"_links":{"self":[{"href":"https:\/\/barloventoelescorial.es\/index.php\/wp-json\/wp\/v2\/pages\/545","targetHints":{"allow":["GET"]}}],"collection":[{"href":"https:\/\/barloventoelescorial.es\/index.php\/wp-json\/wp\/v2\/pages"}],"about":[{"href":"https:\/\/barloventoelescorial.es\/index.php\/wp-json\/wp\/v2\/types\/page"}],"author":[{"embeddable":true,"href":"https:\/\/barloventoelescorial.es\/index.php\/wp-json\/wp\/v2\/users\/1"}],"replies":[{"embeddable":true,"href":"https:\/\/barloventoelescorial.es\/index.php\/wp-json\/wp\/v2\/comments?post=545"}],"version-history":[{"count":5317,"href":"https:\/\/barloventoelescorial.es\/index.php\/wp-json\/wp\/v2\/pages\/545\/revisions"}],"predecessor-version":[{"id":8815,"href":"https:\/\/barloventoelescorial.es\/index.php\/wp-json\/wp\/v2\/pages\/545\/revisions\/8815"}],"wp:attachment":[{"href":"https:\/\/barloventoelescorial.es\/index.php\/wp-json\/wp\/v2\/media?parent=545"}],"curies":[{"name":"wp","href":"https:\/\/api.w.org\/{rel}","templated":true}]}}